{"id":1791,"date":"2019-09-23T11:43:04","date_gmt":"2019-09-23T09:43:04","guid":{"rendered":"http:\/\/easy-in.fr\/wordpress\/?page_id=1791"},"modified":"2019-10-04T17:16:55","modified_gmt":"2019-10-04T15:16:55","slug":"expertise","status":"publish","type":"page","link":"https:\/\/easy-in.fr\/index.php\/expertise\/","title":{"rendered":"Expertise"},"content":{"rendered":"<p>[vc_row anchor=\u00a0\u00bbabout\u00a0\u00bb content_aligment=\u00a0\u00bbcenter\u00a0\u00bb css=\u00a0\u00bb.vc_custom_1452256922985{padding-top: 70px !important;padding-bottom: 71px !important;background-color: #ffffff !important;}\u00a0\u00bb][vc_column][vc_column_text]<\/p>\n<h2>Nos domaines d&rsquo;expertise<\/h2>\n<p>[\/vc_column_text][vc_empty_space height=\u00a0\u00bb22px\u00a0\u00bb][\/vc_column][vc_column][\/vc_column][vc_column][\/vc_column][\/vc_row][vc_row content_width=\u00a0\u00bbgrid\u00a0\u00bb content_aligment=\u00a0\u00bbcenter\u00a0\u00bb css=\u00a0\u00bb.vc_custom_1452256929608{padding-bottom: 42px !important;background-color: #ffffff !important;}\u00a0\u00bb el_class=\u00a0\u00bbcustom-row-class\u00a0\u00bb][vc_column width=\u00a0\u00bb1\/2&Prime; offset=\u00a0\u00bbvc_col-lg-6 vc_col-md-6&Prime;]    <span class=\"qodef-icon-animation-holder\" style=\"transition-delay: 100ms;-webkit-transition-delay: 100ms;-moz-transition-delay: 100ms;-ms-transition-delay: 100ms\">\n\n    <span class=\"qodef-icon-shortcode circle qodef-icon-animation\" style=\"width: 90px;height: 90px;line-height: 90px;background-color: #fc6500;border-style: solid;border-width: 0px\" data-hover-background-color=\"#979797\" data-animation-delay=\"100\" data-hover-color=\"#ffffff\" data-color=\"#ffffff\">\n        \n        <i class=\"qodef-icon-font-awesome fa fa-object-group qodef-icon-element\" style=\"color: #ffffff;font-size:32px\" ><\/i>\n            <\/span>\n\n    <\/span>\n[vc_empty_space height=\u00a0\u00bb41px\u00a0\u00bb][vc_column_text]<\/p>\n<h5>Audit, Conseil et Expertise SI &amp; SIRH<\/h5>\n<p>[\/vc_column_text][vc_empty_space height=\u00a0\u00bb9px\u00a0\u00bb][vc_column_text]<\/p>\n<ul>\n<li>Infrastructures r\u00e9seaux<\/li>\n<li>Gestion de la paie (SIRH)<\/li>\n<li>Syst\u00e8mes d\u2019information (SI)<\/li>\n<\/ul>\n<p>[\/vc_column_text][vc_empty_space height=\u00a0\u00bb50px\u00a0\u00bb][\/vc_column][vc_column width=\u00a0\u00bb1\/2&Prime; offset=\u00a0\u00bbvc_col-lg-6 vc_col-md-6&Prime;]    <span class=\"qodef-icon-animation-holder\" style=\"transition-delay: 300ms;-webkit-transition-delay: 300ms;-moz-transition-delay: 300ms;-ms-transition-delay: 300ms\">\n\n    <span class=\"qodef-icon-shortcode circle qodef-icon-animation\" style=\"width: 90px;height: 90px;line-height: 90px;background-color: #fc6500;border-style: solid;border-width: 0px\" data-hover-background-color=\"#979797\" data-animation-delay=\"300\" data-hover-color=\"#ffffff\" data-color=\"#ffffff\">\n        \n        <i class=\"qodef-icon-font-awesome fa fa-folder-open-o qodef-icon-element\" style=\"color: #ffffff;font-size:32px\" ><\/i>\n            <\/span>\n\n    <\/span>\n[vc_empty_space height=\u00a0\u00bb41px\u00a0\u00bb][vc_column_text]<\/p>\n<h5>Int\u00e9gration Sage 100cloud Paie &amp; RH<\/h5>\n<p>[\/vc_column_text][vc_empty_space height=\u00a0\u00bb9px\u00a0\u00bb][vc_column_text]<\/p>\n<ul>\n<li>Production des bulletins de paie<\/li>\n<li>Gestion DSN et t\u00e9l\u00e9d\u00e9clarations<\/li>\n<li>Gestion administrative du personnel<\/li>\n<\/ul>\n<p>[\/vc_column_text][vc_empty_space height=\u00a0\u00bb50px\u00a0\u00bb][\/vc_column][vc_column width=\u00a0\u00bb1\/2&Prime; offset=\u00a0\u00bbvc_col-lg-6 vc_col-md-6&Prime;]    <span class=\"qodef-icon-animation-holder\" style=\"transition-delay: 500ms;-webkit-transition-delay: 500ms;-moz-transition-delay: 500ms;-ms-transition-delay: 500ms\">\n\n    <span class=\"qodef-icon-shortcode circle qodef-icon-animation\" style=\"width: 90px;height: 90px;line-height: 90px;background-color: #fc6500;border-style: solid;border-width: 0px\" data-hover-background-color=\"#979797\" data-animation-delay=\"500\" data-hover-color=\"#ffffff\" data-color=\"#ffffff\">\n        \n        <i class=\"qodef-icon-font-awesome fa fa-file-o qodef-icon-element\" style=\"color: #ffffff;font-size:32px\" ><\/i>\n            <\/span>\n\n    <\/span>\n[vc_empty_space height=\u00a0\u00bb41px\u00a0\u00bb][vc_column_text]<\/p>\n<h5>Infrastructures\/Cloud &amp; Applications<\/h5>\n<p>[\/vc_column_text][vc_empty_space height=\u00a0\u00bb9px\u00a0\u00bb][vc_column_text]<\/p>\n<ul>\n<li>La gestion et la s\u00e9curisation des syst\u00e8mes d\u2019information et r\u00e9seaux<\/li>\n<li>Int\u00e9gration des applications m\u00e9tiers (gestion des demandes,gestion Qualit\u00e9..)<\/li>\n<\/ul>\n<p>&nbsp;<\/p>\n<p>[\/vc_column_text][vc_empty_space height=\u00a0\u00bb50px\u00a0\u00bb][\/vc_column][vc_column width=\u00a0\u00bb1\/2&Prime; offset=\u00a0\u00bbvc_col-lg-6 vc_col-md-6&Prime;]    <span class=\"qodef-icon-animation-holder\" style=\"transition-delay: 700ms;-webkit-transition-delay: 700ms;-moz-transition-delay: 700ms;-ms-transition-delay: 700ms\">\n\n    <span class=\"qodef-icon-shortcode circle qodef-icon-animation\" style=\"width: 90px;height: 90px;line-height: 90px;background-color: #fc6500;border-style: solid;border-width: 0px\" data-hover-background-color=\"#979797\" data-animation-delay=\"700\" data-hover-color=\"#ffffff\" data-color=\"#ffffff\">\n        \n        <i class=\"qodef-icon-font-awesome fa fa-television qodef-icon-element\" style=\"color: #ffffff;font-size:32px\" ><\/i>\n            <\/span>\n\n    <\/span>\n[vc_empty_space height=\u00a0\u00bb41px\u00a0\u00bb][vc_column_text]<\/p>\n<h5 class=\"heading\">Formations &amp; mont\u00e9e en comp\u00e9tences<\/h5>\n<p>[\/vc_column_text][vc_empty_space height=\u00a0\u00bb9px\u00a0\u00bb][vc_column_text]D\u00e9marche de cr\u00e9ation de formation:<\/p>\n<ul>\n<li>Audit des comp\u00e9tences<\/li>\n<li>Analyse des besoins<\/li>\n<li>Elaboration de plan de formation<\/li>\n<\/ul>\n<p>[\/vc_column_text][vc_empty_space height=\u00a0\u00bb50px\u00a0\u00bb][\/vc_column][\/vc_row][vc_row content_width=\u00a0\u00bbgrid\u00a0\u00bb anchor=\u00a0\u00bbcontact\u00a0\u00bb css=\u00a0\u00bb.vc_custom_1569921448754{padding-top: 56px !important;padding-bottom: 43px !important;background-color: #eeeeee !important;}\u00a0\u00bb][vc_column offset=\u00a0\u00bbvc_col-lg-6 vc_col-md-6&Prime;][vc_column_text]<\/p>\n<h5>Contactez-nous pour toutes vos questions et demandes &#8230;.<\/h5>\n<p>[\/vc_column_text][vc_empty_space height=\u00a0\u00bb16px\u00a0\u00bb][vc_column_text]Notre objectif\u00a0: Rendre accessible la high expertise.<\/p>\n<p>EasyIn vous propose des outils sur-mesure, a port\u00e9e de main avec un cahier des charges exigeant : FIABILITE \/ SECURITE \/ ASSISTANCE AUX UTILISATEURS[\/vc_column_text][vc_empty_space height=\u00a0\u00bb47px\u00a0\u00bb][vc_column_text]Mail : contact@easy-in.fr<\/p>\n<p>T\u00e9l : +33 (0) 5 35 54 76 07<\/p>\n<p>Adresse : 18 Avenue de la somme,<\/p>\n<p>33700 M\u00e9rignac[\/vc_column_text][\/vc_column][vc_column offset=\u00a0\u00bbvc_col-lg-6 vc_col-md-6&Prime;]\n<div class=\"wpcf7 no-js\" id=\"wpcf7-f1665-o1\" lang=\"en-US\" dir=\"ltr\" data-wpcf7-id=\"1665\">\n<div class=\"screen-reader-response\"><p role=\"status\" aria-live=\"polite\" aria-atomic=\"true\"><\/p> <ul><\/ul><\/div>\n<form action=\"\/index.php\/wp-json\/wp\/v2\/pages\/1791#wpcf7-f1665-o1\" method=\"post\" class=\"wpcf7-form init cf7_custom_style_1\" aria-label=\"Contact form\" novalidate=\"novalidate\" data-status=\"init\">\n<fieldset class=\"hidden-fields-container\"><input type=\"hidden\" name=\"_wpcf7\" value=\"1665\" \/><input type=\"hidden\" name=\"_wpcf7_version\" value=\"6.1.1\" \/><input type=\"hidden\" name=\"_wpcf7_locale\" value=\"en_US\" \/><input type=\"hidden\" name=\"_wpcf7_unit_tag\" value=\"wpcf7-f1665-o1\" \/><input type=\"hidden\" name=\"_wpcf7_container_post\" value=\"0\" \/><input type=\"hidden\" name=\"_wpcf7_posted_data_hash\" value=\"\" \/>\n<\/fieldset>\n<div class=\"qodef-two-columns-50-50\">\n\t<div class=\"qodef-two-columns-50-50-inner\">\n\t\t<div class=\"qodef-column\">\n\t\t\t<div class=\"qodef-column-inner\">\n\t\t\t\t<p><span class=\"qodef-input-title\">Nom<\/span><br \/>\n<span class=\"wpcf7-form-control-wrap\" data-name=\"your-name\"><input size=\"40\" maxlength=\"400\" class=\"wpcf7-form-control wpcf7-text wpcf7-validates-as-required\" aria-required=\"true\" aria-invalid=\"false\" value=\"\" type=\"text\" name=\"your-name\" \/><\/span>\n\t\t\t\t<\/p>\n\t\t\t<\/div>\n\t\t<\/div>\n\t\t<div class=\"qodef-column\">\n\t\t\t<div class=\"qodef-column-inner\">\n\t\t\t\t<p><span class=\"qodef-input-title\">Email<\/span><br \/>\n<span class=\"wpcf7-form-control-wrap\" data-name=\"your-email\"><input size=\"40\" maxlength=\"400\" class=\"wpcf7-form-control wpcf7-email wpcf7-validates-as-required wpcf7-text wpcf7-validates-as-email\" aria-required=\"true\" aria-invalid=\"false\" value=\"\" type=\"email\" name=\"your-email\" \/><\/span>\n\t\t\t\t<\/p>\n\t\t\t<\/div>\n\t\t<\/div>\n\t<\/div>\n<\/div>\n<div>\n\t<p><span class=\"qodef-input-title\">Objet<\/span><br \/>\n<span class=\"wpcf7-form-control-wrap\" data-name=\"your-subject\"><input size=\"40\" maxlength=\"400\" class=\"wpcf7-form-control wpcf7-text wpcf7-validates-as-required\" aria-required=\"true\" aria-invalid=\"false\" value=\"\" type=\"text\" name=\"your-subject\" \/><\/span>\n\t<\/p>\n<\/div>\n<div>\n\t<p><span class=\"qodef-input-title\">Message<\/span><br \/>\n<span class=\"wpcf7-form-control-wrap\" data-name=\"your-message\"><textarea cols=\"40\" rows=\"10\" maxlength=\"2000\" class=\"wpcf7-form-control wpcf7-textarea\" aria-invalid=\"false\" name=\"your-message\"><\/textarea><\/span>\n\t<\/p>\n<\/div>\n<div>\n\t<p><input class=\"wpcf7-form-control wpcf7-submit has-spinner\" type=\"submit\" value=\"Envoyer\" \/>\n\t<\/p>\n<\/div><div class=\"wpcf7-response-output\" aria-hidden=\"true\"><\/div>\n<\/form>\n<\/div>\n[vc_empty_space height=\u00a0\u00bb40px\u00a0\u00bb][\/vc_column][\/vc_row]<\/p>\n","protected":false},"excerpt":{"rendered":"<p>[vc_row anchor=\u00a0\u00bbabout\u00a0\u00bb content_aligment=\u00a0\u00bbcenter\u00a0\u00bb css=\u00a0\u00bb.vc_custom_1452256922985{padding-top: 70px !important;padding-bottom: 71px !important;background-color: #ffffff !important;}\u00a0\u00bb][vc_column][vc_column_text] Nos domaines d&rsquo;expertise [\/vc_column_text][vc_empty_space height=\u00a0\u00bb22px\u00a0\u00bb][\/vc_column][vc_column][\/vc_column][vc_column][\/vc_column][\/vc_row][vc_row content_width=\u00a0\u00bbgrid\u00a0\u00bb content_aligment=\u00a0\u00bbcenter\u00a0\u00bb css=\u00a0\u00bb.vc_custom_1452256929608{padding-bottom: 42px !important;background-color: #ffffff !important;}\u00a0\u00bb el_class=\u00a0\u00bbcustom-row-class\u00a0\u00bb][vc_column width=\u00a0\u00bb1\/2&Prime; offset=\u00a0\u00bbvc_col-lg-6 vc_col-md-6&Prime;][vc_empty_space height=\u00a0\u00bb41px\u00a0\u00bb][vc_column_text] Audit, Conseil et Expertise SI &amp; SIRH [\/vc_column_text][vc_empty_space height=\u00a0\u00bb9px\u00a0\u00bb][vc_column_text] Infrastructures r\u00e9seaux Gestion de la paie (SIRH) Syst\u00e8mes d\u2019information&#8230;<\/p>\n","protected":false},"author":1,"featured_media":0,"parent":0,"menu_order":0,"comment_status":"closed","ping_status":"closed","template":"full-width.php","meta":{"footnotes":""},"class_list":["post-1791","page","type-page","status-publish","hentry"],"_links":{"self":[{"href":"https:\/\/easy-in.fr\/index.php\/wp-json\/wp\/v2\/pages\/1791","targetHints":{"allow":["GET"]}}],"collection":[{"href":"https:\/\/easy-in.fr\/index.php\/wp-json\/wp\/v2\/pages"}],"about":[{"href":"https:\/\/easy-in.fr\/index.php\/wp-json\/wp\/v2\/types\/page"}],"author":[{"embeddable":true,"href":"https:\/\/easy-in.fr\/index.php\/wp-json\/wp\/v2\/users\/1"}],"replies":[{"embeddable":true,"href":"https:\/\/easy-in.fr\/index.php\/wp-json\/wp\/v2\/comments?post=1791"}],"version-history":[{"count":7,"href":"https:\/\/easy-in.fr\/index.php\/wp-json\/wp\/v2\/pages\/1791\/revisions"}],"predecessor-version":[{"id":2163,"href":"https:\/\/easy-in.fr\/index.php\/wp-json\/wp\/v2\/pages\/1791\/revisions\/2163"}],"wp:attachment":[{"href":"https:\/\/easy-in.fr\/index.php\/wp-json\/wp\/v2\/media?parent=1791"}],"curies":[{"name":"wp","href":"https:\/\/api.w.org\/{rel}","templated":true}]}}