{"id":1956,"date":"2019-09-30T16:14:57","date_gmt":"2019-09-30T14:14:57","guid":{"rendered":"http:\/\/easy-in.fr\/wordpress\/?page_id=1956"},"modified":"2019-10-04T19:39:31","modified_gmt":"2019-10-04T17:39:31","slug":"paie","status":"publish","type":"page","link":"https:\/\/easy-in.fr\/index.php\/paie\/","title":{"rendered":"Paie"},"content":{"rendered":"<p>[vc_row anchor=\u00a0\u00bbabout\u00a0\u00bb content_aligment=\u00a0\u00bbcenter\u00a0\u00bb css=\u00a0\u00bb.vc_custom_1452256922985{padding-top: 70px !important;padding-bottom: 71px !important;background-color: #ffffff !important;}\u00a0\u00bb][vc_column][vc_empty_space][vc_single_image image=\u00a0\u00bb2090&Prime; img_size=\u00a0\u00bbfull\u00a0\u00bb][\/vc_column][\/vc_row][vc_row][vc_column][\/vc_column][\/vc_row][vc_row][vc_column width=\u00a0\u00bb1\/4&Prime;][vc_empty_space height=\u00a0\u00bb50px\u00a0\u00bb][vc_single_image image=\u00a0\u00bb18&Prime; img_size=\u00a0\u00bbmedium\u00a0\u00bb alignment=\u00a0\u00bbcenter\u00a0\u00bb][vc_empty_space][vc_column_text]<\/p>\n<p style=\"text-align: center;\">Contactez-nous :<\/p>\n<p style=\"text-align: center;\">T\u00e9l : 05 35 54 76 07<\/p>\n<p style=\"text-align: center;\">18 Avenue de la somme<\/p>\n<p style=\"text-align: center;\">33700 M\u00e9rignac<\/p>\n<p>[\/vc_column_text][\/vc_column][vc_column width=\u00a0\u00bb3\/4&Prime;]<div class=\"qodef-elements-holder qodef-responsive-mode-768\" ><div class=\"qodef-elements-holder-item qodef-vertical-alignment-middle qodef-horizontal-alignment-left\" >\n\t<div class=\"qodef-elements-holder-item-inner\">\n\t\t<div class=\"qodef-elements-holder-item-content qodef-elements-holder-custom-499020\" >\n\t\t\t\t\t\t[vc_column_text]<\/p>\n<h4 style=\"font-weight: 400;\">Paie &amp; Rh<\/h4>\n<p>&nbsp;<\/p>\n<h6>Parce que la paie et la gestion du personnel sont au c\u0153ur de votre soci\u00e9t\u00e9\u00a0: EasyIN vous donne les cl\u00e9s pour g\u00e9rer votre capital humain tout en remplissant les obligations l\u00e9gales, \u00e0 travers l\u2019int\u00e9gration du logiciel SAGE Paie &amp; Rh et la formation de gestionnaire de paie.<\/h6>\n<h6>Au regard des nouvelles obligations d\u00e9claratives\u00a0(pr\u00e9l\u00e8vement \u00e0 la source, d\u00e9fiscalisation des heures sup,\u00a0\u2026 ) Easyin vous offre la s\u00e9r\u00e9nit\u00e9 et l\u2019assurance d\u2019\u00eatre \u00e0 jour l\u00e9galement tout en facilitant le traitement de la paie et gestion du personnel \u00e0 travers des formations courtes et sur mesure.<\/h6>\n<h6>Nos consultants formateurs connaissent et ma\u00eetrisent l\u2019ensemble des versions du logiciel Sage Paie et RH : Sage 100Cloud Paie, Sage Business Cloud Paie et RH, \u2026<\/h6>\n<h6><\/h6>\n<h6>Consultez notre catalogue de formation<\/h6>\n<p>[\/vc_column_text]\t\t<\/div>\n\t<\/div>\n<\/div><\/div>[vc_empty_space height=\u00a0\u00bb64px\u00a0\u00bb]<div class=\"qodef-elements-holder qodef-three-columns qodef-responsive-mode-768\" ><div class=\"qodef-elements-holder-item qodef-vertical-alignment-middle qodef-horizontal-alignment-left\" >\n\t<div class=\"qodef-elements-holder-item-inner\">\n\t\t<div class=\"qodef-elements-holder-item-content qodef-elements-holder-custom-784920\" >\n\t\t\t\t\t\t\t\t<\/div>\n\t<\/div>\n<\/div><div class=\"qodef-elements-holder-item qodef-vertical-alignment-middle qodef-horizontal-alignment-left\" >\n\t<div class=\"qodef-elements-holder-item-inner\">\n\t\t<div class=\"qodef-elements-holder-item-content qodef-elements-holder-custom-286028\" >\n\t\t\t\t\t\t<a href=\"http:\/\/easy-in.fr\/index.php\/catalogue-paie\/\" target=\"_self\" style=\"color: #ffffff;background-color: #444444\" class=\"qodef-btn qodef-btn-medium qodef-btn-default qodef-btn-hover-animation\" data-hover-bg-color=\"#444444\" >\n            <div class=\"qodef-animation-overlay-holder\">\n            <span    class=\"qodef-animation-overlay\"><\/span>\n        <\/div>\n        <span class=\"qodef-btn-text\">Catalogue Paie<\/span>\n    <span class=\"qodef-btn-text-icon\"><\/span>\n<\/a>[vc_empty_space height=\u00a0\u00bb64px\u00a0\u00bb]\t\t<\/div>\n\t<\/div>\n<\/div><\/div>[\/vc_column][\/vc_row]<\/p>\n","protected":false},"excerpt":{"rendered":"<p>[vc_row anchor=\u00a0\u00bbabout\u00a0\u00bb content_aligment=\u00a0\u00bbcenter\u00a0\u00bb css=\u00a0\u00bb.vc_custom_1452256922985{padding-top: 70px !important;padding-bottom: 71px !important;background-color: #ffffff !important;}\u00a0\u00bb][vc_column][vc_empty_space][vc_single_image image=\u00a0\u00bb2090&Prime; img_size=\u00a0\u00bbfull\u00a0\u00bb][\/vc_column][\/vc_row][vc_row][vc_column][\/vc_column][\/vc_row][vc_row][vc_column width=\u00a0\u00bb1\/4&Prime;][vc_empty_space height=\u00a0\u00bb50px\u00a0\u00bb][vc_single_image image=\u00a0\u00bb18&Prime; img_size=\u00a0\u00bbmedium\u00a0\u00bb alignment=\u00a0\u00bbcenter\u00a0\u00bb][vc_empty_space][vc_column_text] Contactez-nous : T\u00e9l : 05 35 54 76 07 18 Avenue de la somme 33700 M\u00e9rignac [\/vc_column_text][\/vc_column][vc_column width=\u00a0\u00bb3\/4&Prime;][vc_empty_space height=\u00a0\u00bb64px\u00a0\u00bb][\/vc_column][\/vc_row]<\/p>\n","protected":false},"author":1,"featured_media":0,"parent":0,"menu_order":0,"comment_status":"closed","ping_status":"closed","template":"full-width.php","meta":{"footnotes":""},"class_list":["post-1956","page","type-page","status-publish","hentry"],"_links":{"self":[{"href":"https:\/\/easy-in.fr\/index.php\/wp-json\/wp\/v2\/pages\/1956","targetHints":{"allow":["GET"]}}],"collection":[{"href":"https:\/\/easy-in.fr\/index.php\/wp-json\/wp\/v2\/pages"}],"about":[{"href":"https:\/\/easy-in.fr\/index.php\/wp-json\/wp\/v2\/types\/page"}],"author":[{"embeddable":true,"href":"https:\/\/easy-in.fr\/index.php\/wp-json\/wp\/v2\/users\/1"}],"replies":[{"embeddable":true,"href":"https:\/\/easy-in.fr\/index.php\/wp-json\/wp\/v2\/comments?post=1956"}],"version-history":[{"count":48,"href":"https:\/\/easy-in.fr\/index.php\/wp-json\/wp\/v2\/pages\/1956\/revisions"}],"predecessor-version":[{"id":2166,"href":"https:\/\/easy-in.fr\/index.php\/wp-json\/wp\/v2\/pages\/1956\/revisions\/2166"}],"wp:attachment":[{"href":"https:\/\/easy-in.fr\/index.php\/wp-json\/wp\/v2\/media?parent=1956"}],"curies":[{"name":"wp","href":"https:\/\/api.w.org\/{rel}","templated":true}]}}