{"id":2032,"date":"2019-09-30T20:50:48","date_gmt":"2019-09-30T18:50:48","guid":{"rendered":"http:\/\/easy-in.fr\/wordpress\/?page_id=2032"},"modified":"2019-10-04T17:42:12","modified_gmt":"2019-10-04T15:42:12","slug":"catalogue-it","status":"publish","type":"page","link":"https:\/\/easy-in.fr\/index.php\/catalogue-it\/","title":{"rendered":"catalogue-it"},"content":{"rendered":"<p>[vc_row anchor=\u00a0\u00bbabout\u00a0\u00bb content_aligment=\u00a0\u00bbcenter\u00a0\u00bb css=\u00a0\u00bb.vc_custom_1452256922985{padding-top: 70px !important;padding-bottom: 71px !important;background-color: #ffffff !important;}\u00a0\u00bb][vc_column][vc_empty_space][vc_single_image image=\u00a0\u00bb2066&Prime; img_size=\u00a0\u00bbfull\u00a0\u00bb alignment=\u00a0\u00bbcenter\u00a0\u00bb style=\u00a0\u00bbvc_box_shadow\u00a0\u00bb][\/vc_column][\/vc_row][vc_row][vc_column][\/vc_column][\/vc_row][vc_row][vc_column width=\u00a0\u00bb1\/4&Prime; offset=\u00a0\u00bbvc_col-lg-2&Prime;]<a href=\"http:\/\/easy-in.fr\/index.php\/catalogue\/\" target=\"_self\"  class=\"qodef-btn qodef-btn-medium qodef-btn-default\"  >\n        <span class=\"qodef-btn-text\">Retour<\/span>\n    <span class=\"qodef-btn-text-icon\"><\/span>\n<\/a>[vc_empty_space height=\u00a0\u00bb64px\u00a0\u00bb][\/vc_column][vc_column width=\u00a0\u00bb3\/4&Prime;][vc_empty_space height=\u00a0\u00bb50px\u00a0\u00bb][vc_column_text]<\/p>\n<h2>Catalogue de formation \u00ab\u00a0syst\u00e8mes et r\u00e9seaux informatique\u00a0\u00bb<\/h2>\n<p>[\/vc_column_text][vc_empty_space height=\u00a0\u00bb50px\u00a0\u00bb]<div class=\"qodef-tabs qodef-vertical qodef-tab-text clearfix\">\n\t<ul class=\"qodef-tabs-nav\">\n\t\t\t\t\t<li>\n\t\t\t\t<a href=\"#tab-linux-initiation\">\n\t\t\t\t\tLinux Initiation\t\t\t\t<\/a>\n\t\t\t<\/li>\n\t\t\t\t\t<li>\n\t\t\t\t<a href=\"#tab-linux-perfection\">\n\t\t\t\t\tLinux Perfection\t\t\t\t<\/a>\n\t\t\t<\/li>\n\t\t\t\t\t<li>\n\t\t\t\t<a href=\"#tab-linux-avancee\">\n\t\t\t\t\tLinux Avanc\u00e9e\t\t\t\t<\/a>\n\t\t\t<\/li>\n\t\t\t<\/ul>\n\t<div  class=\"qodef-tab-container\" id=\"tab-linux-initiation\" data-icon-pack=\"font_awesome\" data-icon-html=\"&lt;i class=&quot;qodef-icon-font-awesome fa fa-address-book-o &quot; &gt;&lt;\/i&gt;\">\n    [vc_column_text]<\/p>\n<ul>\n<li style=\"list-style-type: none;\">\n<ul>\n<li style=\"list-style-type: none;\">\n<ul>\n<li>Stage \/ Pr\u00e9sentiel<\/li>\n<li>1650 \u20ac (HT)<\/li>\n<li>3 Jours (21 Heures)<\/li>\n<li>Code: Linux<em>01<\/em><\/li>\n<\/ul>\n<\/li>\n<\/ul>\n<\/li>\n<\/ul>\n<blockquote style=\"padding-left: 80px;\"><p><strong><u>Objectif\u00a0:<\/u><\/strong><\/p>\n<p>ma\u00eetriser les commandes fondamentales des syst\u00e8mes d&rsquo;exploitation UNIX et Linux<\/p>\n<p>\u00eatre autonome dans l&rsquo;utilisation courante d&rsquo;un syst\u00e8me UNIX et Linux<\/p>\n<p><strong><u>Profils<\/u><\/strong><strong> : <\/strong><\/p>\n<p>futurs exploitants, utilisateurs de logiciels et d\u00e9veloppeurs d\u2019application sous UNIX et Linux<\/p>\n<p><strong><u>Pr\u00e9requis<\/u><\/strong><strong>: <\/strong><\/p>\n<p>avoir une bonne pratique de l\u2019outil informatique<\/p>\n<p><strong><u>Programme<\/u><\/strong><\/p>\n<p><strong>Introduction<\/strong><\/p>\n<p>Historique, principales caract\u00e9ristiques<\/p>\n<p><strong>Une session de travail UNIX\/Linux<\/strong><\/p>\n<p>Connexion et d\u00e9connexion<br \/>\nDocumentation des commandes<br \/>\nQuelques commandes pour prendre en main le syst\u00e8me (who, date, cal&#8230;)<\/p>\n<p><strong>Le shell<\/strong><\/p>\n<p>Les shells UNIX (sh, ksh, csh, bash&#8230;)<br \/>\nLes m\u00e9ta-caract\u00e8res (?,*,[])<br \/>\nL&rsquo;environnement du shell (env)<br \/>\nLe param\u00e9trage d&rsquo;une session (les fichiers .profile, .bash_profile)<\/p>\n<p><strong>La gestion des fichiers<\/strong><\/p>\n<p>Les fichiers : noms, attributs et meta-caract\u00e8res (ls -l,file)<br \/>\nLes commandes indispensables (cp, ln, mv, rm&#8230;)<br \/>\nAfficher ou imprimer un fichier (cat, more, lp)<\/p>\n<p><strong>La gestion des r\u00e9pertoires<\/strong><\/p>\n<p>Chemins absolus, chemins relatifs<br \/>\nSe situer et se d\u00e9placer dans l&rsquo;arborescence (pwd, cd)<br \/>\nCr\u00e9er, d\u00e9truire un r\u00e9pertoire, une arborescence (mkdir, rmdir, rm-fr)<\/p>\n<p><strong>La gestion des droits<\/strong><\/p>\n<p>Notion d&rsquo;utilisateurs et de groupes (id)<br \/>\nLes droits de base UNIX<br \/>\nModifier les droits (chmod)<br \/>\nChanger le groupe d&rsquo;un fichier (chgrp)<br \/>\nLes droits par d\u00e9faut (umask)<\/p>\n<p><strong>Les m\u00e9canismes de redirection et de tube<\/strong><\/p>\n<p>La redirection de l\u2019entr\u00e9e et de la sortie standard<br \/>\nLa redirection des erreurs (2&gt;)<br \/>\nLes tubes de communication (|)<\/p>\n<p><strong>Les filtres<\/strong><\/p>\n<p>Les commandes (tail,grep, cut, sort&#8230;)<\/p>\n<p><strong>Les outils<\/strong><\/p>\n<p>La recherche de fichiers (find)<br \/>\nLa comparaison de fichiers (cmp, diff, md5sum)<\/p>\n<p><strong>La sauvegarde<\/strong><\/p>\n<p>La sauvegarde d&rsquo;arborescence (tar)<br \/>\nLa compression (compress, gzip, bzip2)<\/p>\n<p><strong>L&rsquo;\u00e9diteur de texte vi<\/strong><\/p>\n<p>Cr\u00e9er et modifier des fichiers textes avec vi<br \/>\nParam\u00e9trer l&rsquo;\u00e9diteur vi<\/p>\n<p><strong>La gestion des processus<\/strong><\/p>\n<p>La notion de processus<br \/>\nLa visualisation des processus (ps, top)<br \/>\nL&rsquo;ex\u00e9cution des processus, avant-plan et arri\u00e8re-plan (&amp;, fg, bg, nohup)<br \/>\nL&rsquo;envoi de signaux aux processus (kill)<\/p>\n<p><strong>Le r\u00e9seau<\/strong><\/p>\n<p>Les commandes de diagnostic (ping, traceroute, netstat, nslookup)<br \/>\nLa connexion \u00e0 distance (telnet, rlogin, ssh)<br \/>\nLe transfert de fichiers (ftp, rcp, scp, sftp)<br \/>\nL&rsquo;ex\u00e9cution \u00e0 distance (remsh\/rsh, ssh)<\/p><\/blockquote>\n<p>[\/vc_column_text]<\/div>\t\n\n<div  class=\"qodef-tab-container\" id=\"tab-linux-perfection\" data-icon-pack=\"font_awesome\" data-icon-html=\"&lt;i class=&quot;qodef-icon-font-awesome fa fa-american-sign-language-interpreting &quot; &gt;&lt;\/i&gt;\">\n    [vc_column_text]<\/p>\n<ul>\n<li style=\"list-style-type: none;\">\n<ul>\n<li style=\"list-style-type: none;\">\n<ul>\n<li>Stage \/ Pr\u00e9sentiel<\/li>\n<li>2 515 \u20ac (HT)<\/li>\n<li>5 Jours (35 Heures)<\/li>\n<li>Code: <em>Linux02<\/em><\/li>\n<\/ul>\n<\/li>\n<\/ul>\n<\/li>\n<\/ul>\n<blockquote>\n<p style=\"padding-left: 80px;\"><strong><u>Objectif\u00a0:<\/u><\/strong> ma\u00eetriser les concepts et les commandes d&rsquo;administration d&rsquo;une plate-forme Linux<\/p>\n<p style=\"padding-left: 80px;\"><strong><u>Profils<\/u><\/strong><strong> : <\/strong><\/p>\n<p style=\"padding-left: 80px;\">futurs administrateurs d\u2019un syst\u00e8me Unix\/Linux<\/p>\n<p style=\"padding-left: 80px;\"><strong><u>Pr\u00e9requis<\/u><\/strong><strong>: <\/strong><\/p>\n<p style=\"padding-left: 80px;\">ma\u00eetrise des commandes de base Linux (connaissance \u00e9quivalente au stage \u00ab\u00a0Unix-Linux : Commandes de Base\u00a0\u00bb)<\/p>\n<p style=\"padding-left: 80px;\"><strong><u>Profil animateur<\/u><\/strong><strong>\u00a0: <\/strong><\/p>\n<p style=\"padding-left: 80px;\">consultant informaticien sp\u00e9cialiste en formation Linux<\/p>\n<p style=\"padding-left: 80px;\"><strong><u>M\u00e9thodes P\u00e9dagogiques<\/u><\/strong><strong>\u00a0: <\/strong><\/p>\n<p style=\"padding-left: 80px;\">Cette formation Linux est rythm\u00e9e par une alternance d&rsquo;expos\u00e9s et de travaux pratiques<\/p>\n<p style=\"padding-left: 80px;\"><strong><u>Programme<\/u><\/strong><\/p>\n<p style=\"padding-left: 120px;\"><strong>Installer le syst\u00e8me<\/strong><\/p>\n<p style=\"padding-left: 120px;\">Choix de la m\u00e9thode d&rsquo;installation (local ou r\u00e9seau)<br \/>\nLes grandes \u00e9tapes de l&rsquo;installation (partitionnement, cr\u00e9ation des syst\u00e8mes de fichiers&#8230;)<\/p>\n<p style=\"padding-left: 120px;\"><strong>G\u00e9rer les disques et les syst\u00e8mes de fichiers<\/strong><\/p>\n<p style=\"padding-left: 120px;\">Partitionnement des disques (fdisk)<br \/>\nPr\u00e9sentation des volumes logiques (LVM)<br \/>\nCaract\u00e9ristiques des principaux syst\u00e8mes de fichiers journalis\u00e9s (ext3, ext4, xfs&#8230;)<br \/>\nSyst\u00e8mes de fichiers : cr\u00e9ation (mkfs), montage (mount, \/etc\/fstab), v\u00e9rification (fsck)<br \/>\nGestion des espaces de \u00ab\u00a0swap\u00a0\u00bb<\/p>\n<p style=\"padding-left: 120px;\"><strong>R\u00e9aliser des sauvegardes<\/strong><\/p>\n<p style=\"padding-left: 120px;\">Sauvegardes d&rsquo;arborescence (tar,cpio) et physique (dd)<br \/>\nSauvegarde incr\u00e9mentale de syst\u00e8me de fichiers (dump\/restore)<\/p>\n<p style=\"padding-left: 120px;\"><strong>Surveiller et g\u00e9rer les processus (partie 1)<\/strong><\/p>\n<p style=\"padding-left: 120px;\">Gestion des processus, planification des t\u00e2ches (crontab), lire les principaux fichiers de logs<\/p>\n<p style=\"padding-left: 120px;\"><strong>Le syst\u00e8me d\u2019impression CUPS<\/strong><\/p>\n<p style=\"padding-left: 120px;\">Gestion des files d&rsquo;impression et des travaux d\u2019impression (jobs)<\/p>\n<p style=\"padding-left: 120px;\"><strong>L&rsquo;arr\u00eat et le d\u00e9marrage du syst\u00e8me (partie 1)<\/strong><\/p>\n<p style=\"padding-left: 120px;\">Les \u00e9tapes du d\u00e9marrage (Firmware, BIOS, GRUB, init, RC)<br \/>\nLe chargeur GRUB : choisir un noyau au d\u00e9marrage<br \/>\nLe processus init<br \/>\nLe d\u00e9marrage des services (init System V, Upstart, Systemd)<br \/>\nL&rsquo;arr\u00eat du syst\u00e8me (shutdown)<\/p>\n<p style=\"padding-left: 120px;\"><strong>Comment administrer le syst\u00e8me<\/strong><\/p>\n<p style=\"padding-left: 120px;\">Acc\u00e9der \u00e0 la documentation : le man, les forums, la documentation des distributions<br \/>\nAdministrer le syst\u00e8me avec les outils int\u00e9gr\u00e9s (system-config-*)<br \/>\nAdministrer le syst\u00e8me avec les commandes d\u2019administration<br \/>\nAdministrer le syst\u00e8me en \u00e9ditant les fichiers de configuration<\/p>\n<p style=\"padding-left: 120px;\"><strong>G\u00e9rer les utilisateurs et des groupes<\/strong><\/p>\n<p style=\"padding-left: 120px;\">Les bases des comptes utilisateurs et groupes locaux (\/etc\/passwd,\/etc\/group)<br \/>\nCr\u00e9ation, modification et suppression des comptes et des groupes (useradd, groupadd&#8230;)<br \/>\nParam\u00e9trage de l&rsquo;environnement des utilisateurs (\/etc\/skel)<\/p>\n<p style=\"padding-left: 120px;\"><strong>G\u00e9rer les droits sur les fichiers<\/strong><\/p>\n<p style=\"padding-left: 120px;\">Rappel des droits Unix de base sur les fichiers et r\u00e9pertoires (voir commandes de bases)<br \/>\nLes droits sp\u00e9ciaux (SUID, SGID, sticky bit)<\/p>\n<p style=\"padding-left: 120px;\"><strong>Surveiller et g\u00e9rer les processus (partie 2)<\/strong><\/p>\n<p style=\"padding-left: 120px;\">Le Noyau, les modules du noyau<br \/>\nLes biblioth\u00e8ques partag\u00e9es (so), la libc, les processus, les unit\u00e9s d&rsquo;ex\u00e9cution (threads)<br \/>\nPlanification des t\u00e2ches (crontab) : configuration du service cron<br \/>\nGestion des logs (syslog)<\/p>\n<p style=\"padding-left: 120px;\"><strong>Installer et maintenir les applications<\/strong><\/p>\n<p style=\"padding-left: 120px;\">Installer un logiciel \u00e0 partir des sources<br \/>\nLe syst\u00e8me de paquetage Red Hat (rpm)<br \/>\nLe syst\u00e8me de paquetage Debian (dpkg)<br \/>\nUtilisation de d\u00e9p\u00f4ts (yum, apt-get)<br \/>\nMise \u00e0 jour d\u2019une application, du syst\u00e8me, du noyau<\/p>\n<p style=\"padding-left: 120px;\"><strong>L&rsquo;arr\u00eat et le d\u00e9marrage du syst\u00e8me (partie 2)<\/strong><\/p>\n<p style=\"padding-left: 120px;\">Le chargeur GRUB : configuration et commandes du shell GRUB,<br \/>\nD\u00e9marrer le service en mode maintenance<\/p>\n<p style=\"padding-left: 120px;\"><strong>G\u00e9rer le r\u00e9seau<\/strong><\/p>\n<p style=\"padding-left: 120px;\">Ajouter un h\u00f4te Linux dans un r\u00e9seau TCP\/IP<br \/>\nGestion des services r\u00e9seaux (XINETD)<br \/>\nLe partage de ressource (NFS)<br \/>\nLes utilitaires r\u00e9seaux<br \/>\nUtilisation de SSH : authentification des h\u00f4tes et des utilisateurs par clefs<\/p>\n<p style=\"padding-left: 120px;\"><strong>L&rsquo;environnement graphique<\/strong><\/p>\n<p style=\"padding-left: 120px;\">Le protocole X-Window<br \/>\nFonctionnement de X-Window en r\u00e9seau (DISPLAY)<br \/>\nConnexion graphique distante (XDMCP)<br \/>\nLes bureaux sous Linux (Gnome, KDE\u2026)<\/p>\n<\/blockquote>\n<p>[\/vc_column_text]<\/div>\t\n\n<div  class=\"qodef-tab-container\" id=\"tab-linux-avancee\" data-icon-pack=\"font_awesome\" data-icon-html=\"&lt;i class=&quot;qodef-icon-font-awesome fa fa-adn &quot; &gt;&lt;\/i&gt;\">\n    [vc_column_text]<\/p>\n<ul>\n<li style=\"list-style-type: none;\">\n<ul>\n<li style=\"list-style-type: none;\">\n<ul>\n<li>Stage \/ Pr\u00e9sentiel<\/li>\n<li>2 515 \u20ac (HT)<\/li>\n<li>5 Jours (35 Heures)<\/li>\n<li>Code: Linux<em>03<\/em><\/li>\n<\/ul>\n<\/li>\n<\/ul>\n<\/li>\n<\/ul>\n<blockquote>\n<p style=\"padding-left: 80px;\"><strong><u>Objectif\u00a0:<\/u><\/strong> acqu\u00e9rir une connaissance avanc\u00e9e du syst\u00e8me Linux pour l&rsquo;exploiter en environnement de production<\/p>\n<p style=\"padding-left: 80px;\"><strong><u>Profils<\/u><\/strong><strong> : <\/strong><\/p>\n<p style=\"padding-left: 80px;\">administrateurs syst\u00e8me Unix\/Linux<\/p>\n<p style=\"padding-left: 80px;\"><strong><u>Pr\u00e9requis<\/u><\/strong><strong>: <\/strong><\/p>\n<p style=\"padding-left: 80px;\">avoir suivi la formation \u00ab\u00a0Linux Administration\u00a0\u00bb ou conna\u00eetre l&rsquo;administration d&rsquo;un syst\u00e8me Linux<\/p>\n<p style=\"padding-left: 80px;\"><strong><u>Profil animateur<\/u><\/strong><strong>\u00a0: <\/strong><\/p>\n<p style=\"padding-left: 80px;\">consultant informaticien sp\u00e9cialiste en formation Linux<\/p>\n<p style=\"padding-left: 80px;\"><strong><u>M\u00e9thodes P\u00e9dagogiques<\/u><\/strong><strong>\u00a0: <\/strong><\/p>\n<p style=\"padding-left: 80px;\">Cette formation Linux est rythm\u00e9e par une alternance d&rsquo;expos\u00e9s et de travaux pratiques<\/p>\n<p style=\"padding-left: 80px;\"><strong><u>Programme<\/u><\/strong><strong>\u00a0<\/strong><\/p>\n<p style=\"padding-left: 120px;\"><strong>D\u00e9ploiement d\u2019un syst\u00e8me Linux<\/strong><\/p>\n<p style=\"padding-left: 120px;\">Pr\u00e9sentation de l\u2019installation automatique : Kickstart (RedHat), Debconf (Debian), AutoYast (SuSE)<\/p>\n<p style=\"padding-left: 120px;\">Cr\u00e9ation d\u2019un serveur d\u2019installation RedHat (DHCP, DNS, TFTP, HTTP, NTP, \u2026)<\/p>\n<p style=\"padding-left: 120px;\">Gestion des d\u00e9p\u00f4ts, cr\u00e9ation de d\u00e9p\u00f4ts, mirroring de d\u00e9pots (rsync)<\/p>\n<p style=\"padding-left: 120px;\">Installation d\u2019un poste RedHat en r\u00e9seau<\/p>\n<p style=\"padding-left: 120px;\">Installation automatique avec Kickstart et PXE<\/p>\n<p style=\"padding-left: 120px;\"><strong>Les utilisateurs et les groupes<\/strong><\/p>\n<p style=\"padding-left: 120px;\">Gestion de la p\u00e9rennit\u00e9 des mots de passe<\/p>\n<p style=\"padding-left: 120px;\">Contr\u00f4le des connexions avec PAM<\/p>\n<p style=\"padding-left: 120px;\">Configurer son poste comme client d\u2019un annuaire d\u2019authentification, exemple avec LDAP<\/p>\n<p style=\"padding-left: 120px;\">Gestion des fichiers<\/p>\n<p style=\"padding-left: 120px;\"><strong>\u00a0<\/strong><\/p>\n<p style=\"padding-left: 120px;\"><strong>Les attributs de fichiers (ext2, xattr)<\/strong><\/p>\n<p style=\"padding-left: 120px;\">Les ACLS<\/p>\n<p style=\"padding-left: 120px;\"><strong>Gestion des syst\u00e8mes de fichiers<\/strong><\/p>\n<p style=\"padding-left: 120px;\">Optimisation des FS (taille des blocs, options de journalisations, &#8230;)<\/p>\n<p style=\"padding-left: 120px;\">Gestion des Quotas<\/p>\n<p style=\"padding-left: 120px;\">L\u2019Automontage<\/p>\n<p style=\"padding-left: 120px;\">Recouvrement en cas de d\u00e9sastre (Disaster recovery)<\/p>\n<p style=\"padding-left: 120px;\"><strong>\u00a0<\/strong><\/p>\n<p style=\"padding-left: 120px;\"><strong>Gestion des disques<\/strong><\/p>\n<p style=\"padding-left: 120px;\">Pr\u00e9sentation des techniques RAID software et hardware<\/p>\n<p style=\"padding-left: 120px;\">Configuration de disques RAID logiciels (le pilote MD)<\/p>\n<p style=\"padding-left: 120px;\">Pr\u00e9sentation des disques SAN, iSCSI<\/p>\n<p style=\"padding-left: 120px;\">L&rsquo;espace de SWAP<\/p>\n<p style=\"padding-left: 120px;\"><strong>\u00a0<\/strong><\/p>\n<p style=\"padding-left: 120px;\"><strong>Le gestionnaire de volumes logiques (LVM)<\/strong><\/p>\n<p style=\"padding-left: 120px;\">Les concepts du LVM (PV, VG, LV, PE, LE, \u2026)<\/p>\n<p style=\"padding-left: 120px;\">La gestion \u00e9l\u00e9mentaire des PV, VG et LV (cr\u00e9er un VG, cr\u00e9er un FS et l\u2019agrandir, \u2026)<\/p>\n<p style=\"padding-left: 120px;\">Les snapshots LVM<\/p>\n<p style=\"padding-left: 120px;\">Mirroring des LV : la solution MD, la solution native LVM<\/p>\n<p style=\"padding-left: 120px;\">Compl\u00e9ments (sauvegarde d\u2019un VG, r\u00e9organiser les LE d\u2019un LV, import\/export d\u2019un VG, \u2026)<\/p>\n<p style=\"padding-left: 120px;\"><strong>\u00a0<\/strong><\/p>\n<p style=\"padding-left: 120px;\"><strong>Les applications<\/strong><\/p>\n<p style=\"padding-left: 120px;\">Crontab avanc\u00e9es (anacron, cron.daily&#8230;)<\/p>\n<p style=\"padding-left: 120px;\">Gestion des performances (psacct, vmstat, sar)<\/p>\n<p style=\"padding-left: 120px;\">Gestion des journaux (logs) (logrotate, logwatch)<\/p>\n<p style=\"padding-left: 120px;\">La gestion des biblioth\u00e8ques dynamiques (so)<\/p>\n<p style=\"padding-left: 120px;\">Compilation d&rsquo;une application \u00e0 partir des sources, lecture d&rsquo;un fichier Makefile<\/p>\n<p style=\"padding-left: 120px;\"><strong>\u00a0<\/strong><\/p>\n<p style=\"padding-left: 120px;\"><strong>Le noyau<\/strong><\/p>\n<p style=\"padding-left: 120px;\">Architecture et fonctionnement du noyau Linux<\/p>\n<p style=\"padding-left: 120px;\">Mise \u00e0 jour du noyau \u00e0 partir d&rsquo;un package<\/p>\n<p style=\"padding-left: 120px;\">Param\u00e9trer le noyau \u00e0 chaud (\/sys, \/proc)<\/p>\n<p style=\"padding-left: 120px;\">Compiler le noyau ou des modules du noyau<\/p>\n<p style=\"padding-left: 120px;\"><strong>\u00a0<\/strong><\/p>\n<p style=\"padding-left: 120px;\"><strong>Les p\u00e9riph\u00e9riques<\/strong><\/p>\n<p style=\"padding-left: 120px;\">Pr\u00e9sentation du mat\u00e9riel (PCI, SCSI, USB, \u2026)<\/p>\n<p style=\"padding-left: 120px;\">Le syst\u00e8me de fichiers sysfs ou la gestion des p\u00e9riph\u00e9riques par le noyau linux<\/p>\n<p style=\"padding-left: 120px;\">La cr\u00e9ation des fichiers sp\u00e9ciaux avec udev<\/p>\n<p style=\"padding-left: 120px;\"><strong>\u00a0<\/strong><\/p>\n<p style=\"padding-left: 120px;\"><strong>Le r\u00e9seau<\/strong><\/p>\n<p style=\"padding-left: 120px;\">G\u00e9rer des interfaces virtuelles<\/p>\n<p style=\"padding-left: 120px;\">L\u2019agr\u00e9gation de cartes r\u00e9seaux (Bonding)<\/p>\n<p style=\"padding-left: 120px;\">Diagnostiquer les probl\u00e8mes avec les outils tcpdump\/Wireshark, nmap<\/p>\n<p style=\"padding-left: 120px;\">Virtualisation<\/p>\n<p style=\"padding-left: 120px;\">Les diff\u00e9rentes approches de la virtualisation, panorama des solutions<\/p>\n<\/blockquote>\n<p>[\/vc_column_text]<\/div>\t\n\n<\/div>\n\n[\/vc_column][\/vc_row][vc_row][vc_column][vc_empty_space height=\u00a0\u00bb100px\u00a0\u00bb][\/vc_column][\/vc_row]<\/p>\n","protected":false},"excerpt":{"rendered":"<p>[vc_row anchor=\u00a0\u00bbabout\u00a0\u00bb content_aligment=\u00a0\u00bbcenter\u00a0\u00bb css=\u00a0\u00bb.vc_custom_1452256922985{padding-top: 70px !important;padding-bottom: 71px !important;background-color: #ffffff !important;}\u00a0\u00bb][vc_column][vc_empty_space][vc_single_image image=\u00a0\u00bb2066&Prime; img_size=\u00a0\u00bbfull\u00a0\u00bb alignment=\u00a0\u00bbcenter\u00a0\u00bb style=\u00a0\u00bbvc_box_shadow\u00a0\u00bb][\/vc_column][\/vc_row][vc_row][vc_column][\/vc_column][\/vc_row][vc_row][vc_column width=\u00a0\u00bb1\/4&Prime; offset=\u00a0\u00bbvc_col-lg-2&Prime;][vc_empty_space height=\u00a0\u00bb64px\u00a0\u00bb][\/vc_column][vc_column width=\u00a0\u00bb3\/4&Prime;][vc_empty_space height=\u00a0\u00bb50px\u00a0\u00bb][vc_column_text] Catalogue de formation \u00ab\u00a0syst\u00e8mes et r\u00e9seaux informatique\u00a0\u00bb [\/vc_column_text][vc_empty_space height=\u00a0\u00bb50px\u00a0\u00bb][\/vc_column][\/vc_row][vc_row][vc_column][vc_empty_space height=\u00a0\u00bb100px\u00a0\u00bb][\/vc_column][\/vc_row]<\/p>\n","protected":false},"author":1,"featured_media":0,"parent":0,"menu_order":0,"comment_status":"closed","ping_status":"closed","template":"full-width.php","meta":{"footnotes":""},"class_list":["post-2032","page","type-page","status-publish","hentry"],"_links":{"self":[{"href":"https:\/\/easy-in.fr\/index.php\/wp-json\/wp\/v2\/pages\/2032","targetHints":{"allow":["GET"]}}],"collection":[{"href":"https:\/\/easy-in.fr\/index.php\/wp-json\/wp\/v2\/pages"}],"about":[{"href":"https:\/\/easy-in.fr\/index.php\/wp-json\/wp\/v2\/types\/page"}],"author":[{"embeddable":true,"href":"https:\/\/easy-in.fr\/index.php\/wp-json\/wp\/v2\/users\/1"}],"replies":[{"embeddable":true,"href":"https:\/\/easy-in.fr\/index.php\/wp-json\/wp\/v2\/comments?post=2032"}],"version-history":[{"count":17,"href":"https:\/\/easy-in.fr\/index.php\/wp-json\/wp\/v2\/pages\/2032\/revisions"}],"predecessor-version":[{"id":2034,"href":"https:\/\/easy-in.fr\/index.php\/wp-json\/wp\/v2\/pages\/2032\/revisions\/2034"}],"wp:attachment":[{"href":"https:\/\/easy-in.fr\/index.php\/wp-json\/wp\/v2\/media?parent=2032"}],"curies":[{"name":"wp","href":"https:\/\/api.w.org\/{rel}","templated":true}]}}