{"id":5,"date":"2015-11-06T10:13:44","date_gmt":"2015-11-06T10:13:44","guid":{"rendered":"http:\/\/startit.select-themes.com\/startit1\/?page_id=5"},"modified":"2025-09-29T14:19:01","modified_gmt":"2025-09-29T12:19:01","slug":"one-page","status":"publish","type":"page","link":"https:\/\/easy-in.fr\/","title":{"rendered":"One Page"},"content":{"rendered":"<p>[vc_row anchor=\u00a0\u00bbabout\u00a0\u00bb content_aligment=\u00a0\u00bbcenter\u00a0\u00bb css=\u00a0\u00bb.vc_custom_1452256922985{padding-top: 70px !important;padding-bottom: 71px !important;background-color: #ffffff !important;}\u00a0\u00bb][vc_column][vc_column_text]<\/p>\n<h2>Nos domaines d&rsquo;expertise<\/h2>\n<p>[\/vc_column_text][vc_empty_space height=\u00a0\u00bb22px\u00a0\u00bb][\/vc_column][vc_column][\/vc_column][vc_column][\/vc_column][\/vc_row][vc_row content_width=\u00a0\u00bbgrid\u00a0\u00bb content_aligment=\u00a0\u00bbcenter\u00a0\u00bb css=\u00a0\u00bb.vc_custom_1452256929608{padding-bottom: 42px !important;background-color: #ffffff !important;}\u00a0\u00bb el_class=\u00a0\u00bbcustom-row-class\u00a0\u00bb][vc_column width=\u00a0\u00bb1\/2&Prime; offset=\u00a0\u00bbvc_col-lg-3 vc_col-md-6&Prime;]    <span class=\"qodef-icon-animation-holder\" style=\"transition-delay: 100ms;-webkit-transition-delay: 100ms;-moz-transition-delay: 100ms;-ms-transition-delay: 100ms\">\n\n    <span class=\"qodef-icon-shortcode circle qodef-icon-animation\" style=\"width: 90px;height: 90px;line-height: 90px;background-color: #fc6500;border-style: solid;border-width: 0px\" data-hover-background-color=\"#979797\" data-animation-delay=\"100\" data-hover-color=\"#ffffff\" data-color=\"#ffffff\">\n                     <a class=\"\"  href=\"http:\/\/easy-in.fr\/index.php\/expertise\/\" target=\"_self\">\n        \n        <span aria-hidden=\"true\" class=\"qodef-icon-font-elegant icon_building qodef-icon-element\" style=\"color: #ffffff;font-size:32px\" ><\/span>\n                    <\/a>\n            <\/span>\n\n    <\/span>\n[vc_empty_space height=\u00a0\u00bb41px\u00a0\u00bb][vc_column_text]<\/p>\n<h5><a href=\"http:\/\/easy-in.fr\/index.php\/expertise\/\">Audit, Conseil et Expertise SI &amp; SIRH<\/a><\/h5>\n<p>[\/vc_column_text][vc_empty_space height=\u00a0\u00bb9px\u00a0\u00bb][vc_column_text]<\/p>\n<ul>\n<li style=\"text-align: left;\">Infrastructures r\u00e9seaux<\/li>\n<li style=\"text-align: left;\">Gestion de la paie (SIRH)<\/li>\n<li style=\"text-align: left;\">Syst\u00e8mes d&rsquo;information (SI)<\/li>\n<\/ul>\n<p>[\/vc_column_text][vc_empty_space height=\u00a0\u00bb50px\u00a0\u00bb][\/vc_column][vc_column width=\u00a0\u00bb1\/2&Prime; offset=\u00a0\u00bbvc_col-lg-3 vc_col-md-6&Prime;]    <span class=\"qodef-icon-animation-holder\" style=\"transition-delay: 300ms;-webkit-transition-delay: 300ms;-moz-transition-delay: 300ms;-ms-transition-delay: 300ms\">\n\n    <span class=\"qodef-icon-shortcode circle qodef-icon-animation\" style=\"width: 90px;height: 90px;line-height: 90px;background-color: #fc6500;border-style: solid;border-width: 0px\" data-hover-background-color=\"#979797\" data-animation-delay=\"300\" data-hover-color=\"#ffffff\" data-color=\"#ffffff\">\n                     <a class=\"\"  href=\"http:\/\/easy-in.fr\/index.php\/paie\/\" target=\"_self\">\n        \n        <i class=\"qodef-icon-font-awesome fa fa-desktop qodef-icon-element\" style=\"color: #ffffff;font-size:32px\" ><\/i>\n                    <\/a>\n            <\/span>\n\n    <\/span>\n[vc_empty_space height=\u00a0\u00bb41px\u00a0\u00bb][vc_column_text]<\/p>\n<h5><a href=\"http:\/\/easy-in.fr\/index.php\/paie\/\">Int\u00e9gration Sage 100cloud Paie &amp; RH<\/a><\/h5>\n<p>[\/vc_column_text][vc_empty_space height=\u00a0\u00bb9px\u00a0\u00bb][vc_column_text]<\/p>\n<ul>\n<li style=\"text-align: left;\">Production des bulletins de paie<\/li>\n<li style=\"text-align: left;\">Gestion DSN et t\u00e9l\u00e9d\u00e9clarations<\/li>\n<li style=\"text-align: left;\">Gestion administrative du personnel<\/li>\n<\/ul>\n<p>[\/vc_column_text][vc_empty_space height=\u00a0\u00bb50px\u00a0\u00bb][\/vc_column][vc_column width=\u00a0\u00bb1\/2&Prime; offset=\u00a0\u00bbvc_col-lg-3 vc_col-md-6&Prime;]    <span class=\"qodef-icon-animation-holder\" style=\"transition-delay: 500ms;-webkit-transition-delay: 500ms;-moz-transition-delay: 500ms;-ms-transition-delay: 500ms\">\n\n    <span class=\"qodef-icon-shortcode circle qodef-icon-animation\" style=\"width: 90px;height: 90px;line-height: 90px;background-color: #fc6500;border-style: solid;border-width: 0px\" data-hover-background-color=\"#979797\" data-animation-delay=\"500\" data-hover-color=\"#ffffff\" data-color=\"#ffffff\">\n                     <a class=\"\"  href=\"http:\/\/easy-in.fr\/index.php\/expertise\/\" target=\"_self\">\n        \n        <i class=\"qodef-icon-font-awesome fa fa-cloud-download qodef-icon-element\" style=\"color: #ffffff;font-size:32px\" ><\/i>\n                    <\/a>\n            <\/span>\n\n    <\/span>\n[vc_empty_space height=\u00a0\u00bb41px\u00a0\u00bb][vc_column_text]<\/p>\n<h5><a href=\"http:\/\/easy-in.fr\/index.php\/expertise\/\">Infrastructures\/Cloud &amp; Applications<\/a><\/h5>\n<p>[\/vc_column_text][vc_empty_space height=\u00a0\u00bb9px\u00a0\u00bb][vc_column_text]<\/p>\n<ul>\n<li style=\"text-align: left;\">La gestion et la s\u00e9curisation des syst\u00e8mes d\u2019information et r\u00e9seaux<\/li>\n<li style=\"text-align: left;\">Int\u00e9gration des applications m\u00e9tiers (gestion des demandes,gestion Qualit\u00e9..)<\/li>\n<\/ul>\n<p>[\/vc_column_text][vc_empty_space height=\u00a0\u00bb50px\u00a0\u00bb][\/vc_column][vc_column width=\u00a0\u00bb1\/2&Prime; offset=\u00a0\u00bbvc_col-lg-3 vc_col-md-6&Prime;]    <span class=\"qodef-icon-animation-holder\" style=\"transition-delay: 700ms;-webkit-transition-delay: 700ms;-moz-transition-delay: 700ms;-ms-transition-delay: 700ms\">\n\n    <span class=\"qodef-icon-shortcode circle qodef-icon-animation\" style=\"width: 90px;height: 90px;line-height: 90px;background-color: #fc6500;border-style: solid;border-width: 0px\" data-hover-background-color=\"#979797\" data-animation-delay=\"700\" data-hover-color=\"#ffffff\" data-color=\"#ffffff\">\n                     <a class=\"\"  href=\"http:\/\/easy-in.fr\/index.php\/catalogue\/\" target=\"_self\">\n        \n        <i class=\"qodef-icon-font-awesome fa fa-drivers-license qodef-icon-element\" style=\"color: #ffffff;font-size:32px\" ><\/i>\n                    <\/a>\n            <\/span>\n\n    <\/span>\n[vc_empty_space height=\u00a0\u00bb41px\u00a0\u00bb][vc_column_text]<\/p>\n<h5 class=\"heading\"><a href=\"http:\/\/easy-in.fr\/index.php\/catalogue\/\">Formations &amp; mont\u00e9e en comp\u00e9tences<\/a><\/h5>\n<p>[\/vc_column_text][vc_empty_space height=\u00a0\u00bb9px\u00a0\u00bb][vc_column_text]<\/p>\n<p style=\"text-align: left;\">D\u00e9marche de cr\u00e9ation de formation:<\/p>\n<ul>\n<li style=\"text-align: left;\">Audit des comp\u00e9tences<\/li>\n<li style=\"text-align: left;\">Analyse des besoins<\/li>\n<li style=\"text-align: left;\">Elaboration de plan de formation<\/li>\n<\/ul>\n<p>[\/vc_column_text][vc_empty_space height=\u00a0\u00bb50px\u00a0\u00bb][\/vc_column][\/vc_row][vc_row][vc_column]<div id=\"qodef-particles\" class=\"auto\" style=\"background-color: #f8f8f8;\" data-particles-density=\"high\" data-particles-color=\"#c1c1c1\" data-particles-opacity=\"1\" data-particles-size=\"3\" data-speed=\"2\" data-show-lines=\"yes\" data-line-length=\"100\" ><div id=\"qodef-p-particles-container\"><\/div><div class=\"qodef-p-content\" data-margin-top=\"5%\" data-margin-bottom=\"4%\"><div class=\"qodef-elements-holder qodef-two-columns qodef-responsive-mode-1024 qodef-one-column-alignment-left\" ><div class=\"qodef-elements-holder-item qodef-vertical-alignment-top qodef-horizontal-alignment-left\" >\n\t<div class=\"qodef-elements-holder-item-inner\">\n\t\t<div class=\"qodef-elements-holder-item-content qodef-elements-holder-custom-521769\" style=\"padding: 0 15px 0 0\">\n\t\t\t\t\t\t<style type=\"text\/css\" data-type=\"qodef-elements-custom-padding\">\n\t\t\t\t\t\t\t\t@media only screen and (min-width: 1280px) and (max-width: 1600px) {\n\t\t\t\t\t.qodef-elements-holder .qodef-elements-holder-item-content.qodef-elements-holder-custom-521769 {\n\t\t\t\t\t\tpadding:  !important;\n\t\t\t\t\t}\n\t\t\t\t}\n\t\t\t\t\t\t\t\t\t\t\t\t\t@media only screen and (min-width: 1024px) and (max-width: 1280px) {\n\t\t\t\t\t\t.qodef-elements-holder .qodef-elements-holder-item-content.qodef-elements-holder-custom-521769 {\n\t\t\t\t\t\t\tpadding:  !important;\n\t\t\t\t\t\t}\n\t\t\t\t\t}\n\t\t\t\t\t\t\t\t\t\t\t\t@media only screen and (min-width: 768px) and (max-width: 1024px) {\n\t\t\t\t\t.qodef-elements-holder .qodef-elements-holder-item-content.qodef-elements-holder-custom-521769 {\n\t\t\t\t\t\tpadding: 0 0 0 0 !important;\n\t\t\t\t\t}\n\t\t\t\t}\n\t\t\t\t\t\t\t\t\t\t\t\t@media only screen and (min-width: 600px) and (max-width: 768px) {\n\t\t\t\t\t.qodef-elements-holder .qodef-elements-holder-item-content.qodef-elements-holder-custom-521769 {\n\t\t\t\t\t\tpadding:  !important;\n\t\t\t\t\t}\n\t\t\t\t}\n\t\t\t\t\t\t\t\t\t\t\t\t@media only screen and (min-width: 480px) and (max-width: 600px) {\n\t\t\t\t\t.qodef-elements-holder .qodef-elements-holder-item-content.qodef-elements-holder-custom-521769 {\n\t\t\t\t\t\tpadding:  !important;\n\t\t\t\t\t}\n\t\t\t\t}\n\t\t\t\t\t\t\t\t\t\t\t\t@media only screen and (max-width: 480px) {\n\t\t\t\t\t.qodef-elements-holder .qodef-elements-holder-item-content.qodef-elements-holder-custom-521769 {\n\t\t\t\t\t\tpadding:  !important;\n\t\t\t\t\t}\n\t\t\t\t}\n\t\t\t\t\t\t\t\t<\/style>\n\t\t\t\t\t\t[vc_column_text]<\/p>\n<h2>Formation &amp; mont\u00e9e en comp\u00e9tences<\/h2>\n<p>[\/vc_column_text][vc_empty_space height=\u00a0\u00bb29px\u00a0\u00bb][vc_column_text]Notre approche est guid\u00e9e par deux valeurs : Qualit\u00e9 et Expertise<\/p>\n<p>Nos formateurs sont avant tout des experts; ils analysent et clarifient vos besoins pour la cr\u00e9ation d&rsquo;un parcours adapt\u00e9 et sur mesure.<\/p>\n<p>En plus des formations sur-mesure, nous proposons des formations inter-entreprises.[\/vc_column_text]<a href=\"http:\/\/easy-in.fr\/index.php\/catalogue\/\" target=\"_blank\"  class=\"qodef-btn qodef-btn-medium qodef-btn-default qodef-btn-hover-animation\"  >\n            <div class=\"qodef-animation-overlay-holder\">\n            <span    class=\"qodef-animation-overlay\"><\/span>\n        <\/div>\n        <span class=\"qodef-btn-text\">Consulter le catalogue<\/span>\n    <span class=\"qodef-btn-text-icon\"><\/span>\n<\/a>[vc_empty_space height=\u00a0\u00bb40px\u00a0\u00bb]\t\t<\/div>\n\t<\/div>\n<\/div><div class=\"qodef-elements-holder-item qodef-vertical-alignment-middle qodef-horizontal-alignment-right\" >\n\t<div class=\"qodef-elements-holder-item-inner\">\n\t\t<div class=\"qodef-elements-holder-item-content qodef-elements-holder-custom-104266\" style=\"padding: 0 0 0 15px\">\n\t\t\t\t\t\t<style type=\"text\/css\" data-type=\"qodef-elements-custom-padding\">\n\t\t\t\t\t\t\t\t@media only screen and (min-width: 1280px) and (max-width: 1600px) {\n\t\t\t\t\t.qodef-elements-holder .qodef-elements-holder-item-content.qodef-elements-holder-custom-104266 {\n\t\t\t\t\t\tpadding:  !important;\n\t\t\t\t\t}\n\t\t\t\t}\n\t\t\t\t\t\t\t\t\t\t\t\t\t@media only screen and (min-width: 1024px) and (max-width: 1280px) {\n\t\t\t\t\t\t.qodef-elements-holder .qodef-elements-holder-item-content.qodef-elements-holder-custom-104266 {\n\t\t\t\t\t\t\tpadding:  !important;\n\t\t\t\t\t\t}\n\t\t\t\t\t}\n\t\t\t\t\t\t\t\t\t\t\t\t@media only screen and (min-width: 768px) and (max-width: 1024px) {\n\t\t\t\t\t.qodef-elements-holder .qodef-elements-holder-item-content.qodef-elements-holder-custom-104266 {\n\t\t\t\t\t\tpadding: 0 0 0 0 !important;\n\t\t\t\t\t}\n\t\t\t\t}\n\t\t\t\t\t\t\t\t\t\t\t\t@media only screen and (min-width: 600px) and (max-width: 768px) {\n\t\t\t\t\t.qodef-elements-holder .qodef-elements-holder-item-content.qodef-elements-holder-custom-104266 {\n\t\t\t\t\t\tpadding:  !important;\n\t\t\t\t\t}\n\t\t\t\t}\n\t\t\t\t\t\t\t\t\t\t\t\t@media only screen and (min-width: 480px) and (max-width: 600px) {\n\t\t\t\t\t.qodef-elements-holder .qodef-elements-holder-item-content.qodef-elements-holder-custom-104266 {\n\t\t\t\t\t\tpadding:  !important;\n\t\t\t\t\t}\n\t\t\t\t}\n\t\t\t\t\t\t\t\t\t\t\t\t@media only screen and (max-width: 480px) {\n\t\t\t\t\t.qodef-elements-holder .qodef-elements-holder-item-content.qodef-elements-holder-custom-104266 {\n\t\t\t\t\t\tpadding:  !important;\n\t\t\t\t\t}\n\t\t\t\t}\n\t\t\t\t\t\t\t\t<\/style>\n\t\t\t\t\t\t[vc_empty_space height=\u00a0\u00bb25px\u00a0\u00bb]<div class=\"qodef-progress-bar\">\n\t<h6 class=\"qodef-progress-title-holder clearfix\">\n\t\t<span class=\"qodef-progress-title\">Sage Paie &amp; RH<\/span>\n\t\t<span class=\"qodef-progress-number-wrapper qodef-floating qodef-floating-outside \" >\n\t\t\t<span class=\"qodef-progress-number\">\n\t\t\t\t<span class=\"qodef-percent\">0<\/span>\t\n\t\t\t\t\t\t\t\t\t<span class=\"qodef-down-arrow\"><\/span>\n\t\t\t\t\t\t\t<\/span>\n\t\t<\/span>\n\t<\/h6>\n\t<div class=\"qodef-progress-content-outer \" style=\"background-color:#ffffff\">\n\t\t<div data-percentage=100 class=\"qodef-progress-content\"  ><\/div>\n\t<\/div>\n<\/div>\t<div class=\"qodef-progress-bar\">\n\t<h6 class=\"qodef-progress-title-holder clearfix\">\n\t\t<span class=\"qodef-progress-title\">infrastructures, R\u00e9seaux &amp; syst\u00e8mes d&#039;information<\/span>\n\t\t<span class=\"qodef-progress-number-wrapper qodef-floating qodef-floating-outside \" >\n\t\t\t<span class=\"qodef-progress-number\">\n\t\t\t\t<span class=\"qodef-percent\">0<\/span>\t\n\t\t\t\t\t\t\t\t\t<span class=\"qodef-down-arrow\"><\/span>\n\t\t\t\t\t\t\t<\/span>\n\t\t<\/span>\n\t<\/h6>\n\t<div class=\"qodef-progress-content-outer \" style=\"background-color:#ffffff\">\n\t\t<div data-percentage=100 class=\"qodef-progress-content\"  ><\/div>\n\t<\/div>\n<\/div>\t<div class=\"qodef-progress-bar\">\n\t<h6 class=\"qodef-progress-title-holder clearfix\">\n\t\t<span class=\"qodef-progress-title\">Internet \/ Applications Web ..<\/span>\n\t\t<span class=\"qodef-progress-number-wrapper qodef-floating qodef-floating-outside \" >\n\t\t\t<span class=\"qodef-progress-number\">\n\t\t\t\t<span class=\"qodef-percent\">0<\/span>\t\n\t\t\t\t\t\t\t\t\t<span class=\"qodef-down-arrow\"><\/span>\n\t\t\t\t\t\t\t<\/span>\n\t\t<\/span>\n\t<\/h6>\n\t<div class=\"qodef-progress-content-outer \" style=\"background-color:#ffffff\">\n\t\t<div data-percentage=100 class=\"qodef-progress-content\"  ><\/div>\n\t<\/div>\n<\/div>\t[vc_empty_space height=\u00a0\u00bb40px\u00a0\u00bb]\t\t<\/div>\n\t<\/div>\n<\/div><\/div><\/div><\/div>[\/vc_column][\/vc_row][vc_row anchor=\u00a0\u00bbabout\u00a0\u00bb content_aligment=\u00a0\u00bbcenter\u00a0\u00bb css=\u00a0\u00bb.vc_custom_1452256922985{padding-top: 70px !important;padding-bottom: 71px !important;background-color: #ffffff !important;}\u00a0\u00bb][vc_column][vc_column_text]<\/p>\n<h2>Nos Produits<\/h2>\n<p>[\/vc_column_text][vc_empty_space height=\u00a0\u00bb22px\u00a0\u00bb][vc_column_text]<\/p>\n<h5>Des outils adapt\u00e9s pour le travail collaboratif, pour une augmentation significative de votre productivit\u00e9.<\/h5>\n<p>[\/vc_column_text][\/vc_column][vc_column][\/vc_column][vc_column][\/vc_column][\/vc_row][vc_row content_width=\u00a0\u00bbgrid\u00a0\u00bb content_aligment=\u00a0\u00bbcenter\u00a0\u00bb css=\u00a0\u00bb.vc_custom_1452256929608{padding-bottom: 42px !important;background-color: #ffffff !important;}\u00a0\u00bb el_class=\u00a0\u00bbcustom-row-class\u00a0\u00bb][vc_column width=\u00a0\u00bb1\/2&Prime; offset=\u00a0\u00bbvc_col-lg-4 vc_col-md-6&Prime;]    <span class=\"qodef-icon-animation-holder\" style=\"transition-delay: 100ms;-webkit-transition-delay: 100ms;-moz-transition-delay: 100ms;-ms-transition-delay: 100ms\">\n\n    <span class=\"qodef-icon-shortcode circle qodef-icon-animation\" style=\"width: 90px;height: 90px;line-height: 90px;background-color: #fc6500;border-style: solid;border-width: 0px\" data-hover-background-color=\"#979797\" data-animation-delay=\"100\" data-hover-color=\"#ffffff\" data-color=\"#ffffff\">\n        \n        <span aria-hidden=\"true\" class=\"qodef-icon-font-elegant icon_cloud qodef-icon-element\" style=\"color: #ffffff;font-size:32px\" ><\/span>\n            <\/span>\n\n    <\/span>\n[vc_empty_space height=\u00a0\u00bb41px\u00a0\u00bb][vc_column_text]<\/p>\n<h5>EasyUp<\/h5>\n<p>[\/vc_column_text][vc_empty_space height=\u00a0\u00bb9px\u00a0\u00bb][vc_column_text]Plateforme web pour le suivi et la gestion des demandes entre diff\u00e9rents services de votre entreprise, et\/ou avec vos clients.[\/vc_column_text][vc_empty_space height=\u00a0\u00bb50px\u00a0\u00bb][\/vc_column][vc_column width=\u00a0\u00bb1\/2&Prime; offset=\u00a0\u00bbvc_col-lg-4 vc_col-md-6&Prime;]    <span class=\"qodef-icon-animation-holder\" style=\"transition-delay: 300ms;-webkit-transition-delay: 300ms;-moz-transition-delay: 300ms;-ms-transition-delay: 300ms\">\n\n    <span class=\"qodef-icon-shortcode circle qodef-icon-animation\" style=\"width: 90px;height: 90px;line-height: 90px;background-color: #fc6500;border-style: solid;border-width: 0px\" data-hover-background-color=\"#979797\" data-animation-delay=\"300\" data-hover-color=\"#ffffff\" data-color=\"#ffffff\">\n        \n        <i class=\"qodef-icon-font-awesome fa fa-folder-open-o qodef-icon-element\" style=\"color: #ffffff;font-size:32px\" ><\/i>\n            <\/span>\n\n    <\/span>\n[vc_empty_space height=\u00a0\u00bb41px\u00a0\u00bb][vc_column_text]<\/p>\n<h5>EasyPost<\/h5>\n<p>[\/vc_column_text][vc_empty_space height=\u00a0\u00bb9px\u00a0\u00bb][vc_column_text]Outils de digitalisation du courrier postal[\/vc_column_text][vc_empty_space height=\u00a0\u00bb50px\u00a0\u00bb][\/vc_column][vc_column width=\u00a0\u00bb1\/2&Prime; offset=\u00a0\u00bbvc_col-lg-4 vc_col-md-6&Prime;]    <span class=\"qodef-icon-animation-holder\" style=\"transition-delay: 500ms;-webkit-transition-delay: 500ms;-moz-transition-delay: 500ms;-ms-transition-delay: 500ms\">\n\n    <span class=\"qodef-icon-shortcode circle qodef-icon-animation\" style=\"width: 90px;height: 90px;line-height: 90px;background-color: #fc6500;border-style: solid;border-width: 0px\" data-hover-background-color=\"#979797\" data-animation-delay=\"500\" data-hover-color=\"#ffffff\" data-color=\"#ffffff\">\n        \n        <i class=\"qodef-icon-font-awesome fa fa-file-o qodef-icon-element\" style=\"color: #ffffff;font-size:32px\" ><\/i>\n            <\/span>\n\n    <\/span>\n[vc_empty_space height=\u00a0\u00bb41px\u00a0\u00bb][vc_column_text]<\/p>\n<h5>EasyQual<\/h5>\n<p>[\/vc_column_text][vc_empty_space height=\u00a0\u00bb9px\u00a0\u00bb][vc_column_text]Outil de gestion de la qualit\u00e9[\/vc_column_text][vc_empty_space height=\u00a0\u00bb50px\u00a0\u00bb][\/vc_column][vc_column][\/vc_column][\/vc_row][vc_row content_width=\u00a0\u00bbgrid\u00a0\u00bb anchor=\u00a0\u00bbcontact\u00a0\u00bb css=\u00a0\u00bb.vc_custom_1569849158427{padding-top: 56px !important;padding-bottom: 43px !important;background-color: #eeeeee !important;background-position: center !important;background-repeat: no-repeat !important;background-size: cover !important;}\u00a0\u00bb][vc_column offset=\u00a0\u00bbvc_col-lg-5 vc_col-md-6&Prime;][vc_empty_space][vc_column_text]<\/p>\n<h5>Contactez-nous pour toutes vos questions et demandes &#8230;.<\/h5>\n<p>[\/vc_column_text][vc_empty_space][vc_column_text]Notre objectif\u00a0: Rendre accessible la high expertise.<\/p>\n<p>EasyIn vous propose des outils sur-mesure, a port\u00e9e de main avec un cahier des charges exigeant : FIABILITE \/ SECURITE \/ ASSISTANCE AUX UTILISATEURS[\/vc_column_text][vc_empty_space height=\u00a0\u00bb47px\u00a0\u00bb][vc_column_text]Mail : contact@easy-in.fr<\/p>\n<p>T\u00e9l : +33 (0) 7 65 28 88 56<\/p>\n<p>Adresse : 18 Avenue de la somme,<\/p>\n<p>33700 M\u00e9rignac[\/vc_column_text][\/vc_column][vc_column parallax=\u00a0\u00bbcontent-moving-fade\u00a0\u00bb offset=\u00a0\u00bbvc_col-lg-7 vc_col-md-6&Prime;]\n<div class=\"wpcf7 no-js\" id=\"wpcf7-f1665-o1\" lang=\"en-US\" dir=\"ltr\" data-wpcf7-id=\"1665\">\n<div class=\"screen-reader-response\"><p role=\"status\" aria-live=\"polite\" aria-atomic=\"true\"><\/p> <ul><\/ul><\/div>\n<form action=\"\/index.php\/wp-json\/wp\/v2\/pages\/5#wpcf7-f1665-o1\" method=\"post\" class=\"wpcf7-form init cf7_custom_style_1\" aria-label=\"Contact form\" novalidate=\"novalidate\" data-status=\"init\">\n<fieldset class=\"hidden-fields-container\"><input type=\"hidden\" name=\"_wpcf7\" value=\"1665\" \/><input type=\"hidden\" name=\"_wpcf7_version\" value=\"6.1.1\" \/><input type=\"hidden\" name=\"_wpcf7_locale\" value=\"en_US\" \/><input type=\"hidden\" name=\"_wpcf7_unit_tag\" value=\"wpcf7-f1665-o1\" \/><input type=\"hidden\" name=\"_wpcf7_container_post\" value=\"0\" \/><input type=\"hidden\" name=\"_wpcf7_posted_data_hash\" value=\"\" \/>\n<\/fieldset>\n<div class=\"qodef-two-columns-50-50\">\n\t<div class=\"qodef-two-columns-50-50-inner\">\n\t\t<div class=\"qodef-column\">\n\t\t\t<div class=\"qodef-column-inner\">\n\t\t\t\t<p><span class=\"qodef-input-title\">Nom<\/span><br \/>\n<span class=\"wpcf7-form-control-wrap\" data-name=\"your-name\"><input size=\"40\" maxlength=\"400\" class=\"wpcf7-form-control wpcf7-text wpcf7-validates-as-required\" aria-required=\"true\" aria-invalid=\"false\" value=\"\" type=\"text\" name=\"your-name\" \/><\/span>\n\t\t\t\t<\/p>\n\t\t\t<\/div>\n\t\t<\/div>\n\t\t<div class=\"qodef-column\">\n\t\t\t<div class=\"qodef-column-inner\">\n\t\t\t\t<p><span class=\"qodef-input-title\">Email<\/span><br \/>\n<span class=\"wpcf7-form-control-wrap\" data-name=\"your-email\"><input size=\"40\" maxlength=\"400\" class=\"wpcf7-form-control wpcf7-email wpcf7-validates-as-required wpcf7-text wpcf7-validates-as-email\" aria-required=\"true\" aria-invalid=\"false\" value=\"\" type=\"email\" name=\"your-email\" \/><\/span>\n\t\t\t\t<\/p>\n\t\t\t<\/div>\n\t\t<\/div>\n\t<\/div>\n<\/div>\n<div>\n\t<p><span class=\"qodef-input-title\">Objet<\/span><br \/>\n<span class=\"wpcf7-form-control-wrap\" data-name=\"your-subject\"><input size=\"40\" maxlength=\"400\" class=\"wpcf7-form-control wpcf7-text wpcf7-validates-as-required\" aria-required=\"true\" aria-invalid=\"false\" value=\"\" type=\"text\" name=\"your-subject\" \/><\/span>\n\t<\/p>\n<\/div>\n<div>\n\t<p><span class=\"qodef-input-title\">Message<\/span><br \/>\n<span class=\"wpcf7-form-control-wrap\" data-name=\"your-message\"><textarea cols=\"40\" rows=\"10\" maxlength=\"2000\" class=\"wpcf7-form-control wpcf7-textarea\" aria-invalid=\"false\" name=\"your-message\"><\/textarea><\/span>\n\t<\/p>\n<\/div>\n<div>\n\t<p><input class=\"wpcf7-form-control wpcf7-submit has-spinner\" type=\"submit\" value=\"Envoyer\" \/>\n\t<\/p>\n<\/div><div class=\"wpcf7-response-output\" aria-hidden=\"true\"><\/div>\n<\/form>\n<\/div>\n[vc_empty_space height=\u00a0\u00bb40px\u00a0\u00bb][\/vc_column][\/vc_row]<\/p>\n","protected":false},"excerpt":{"rendered":"<p>[vc_row anchor=\u00a0\u00bbabout\u00a0\u00bb content_aligment=\u00a0\u00bbcenter\u00a0\u00bb css=\u00a0\u00bb.vc_custom_1452256922985{padding-top: 70px !important;padding-bottom: 71px !important;background-color: #ffffff !important;}\u00a0\u00bb][vc_column][vc_column_text] Nos domaines d&rsquo;expertise [\/vc_column_text][vc_empty_space height=\u00a0\u00bb22px\u00a0\u00bb][\/vc_column][vc_column][\/vc_column][vc_column][\/vc_column][\/vc_row][vc_row content_width=\u00a0\u00bbgrid\u00a0\u00bb content_aligment=\u00a0\u00bbcenter\u00a0\u00bb css=\u00a0\u00bb.vc_custom_1452256929608{padding-bottom: 42px !important;background-color: #ffffff !important;}\u00a0\u00bb el_class=\u00a0\u00bbcustom-row-class\u00a0\u00bb][vc_column width=\u00a0\u00bb1\/2&Prime; offset=\u00a0\u00bbvc_col-lg-3 vc_col-md-6&Prime;][vc_empty_space height=\u00a0\u00bb41px\u00a0\u00bb][vc_column_text] Audit, Conseil et Expertise SI &amp; SIRH [\/vc_column_text][vc_empty_space height=\u00a0\u00bb9px\u00a0\u00bb][vc_column_text] Infrastructures r\u00e9seaux Gestion de la paie (SIRH) Syst\u00e8mes d&rsquo;information&#8230;<\/p>\n","protected":false},"author":1,"featured_media":0,"parent":0,"menu_order":0,"comment_status":"closed","ping_status":"closed","template":"full-width.php","meta":{"footnotes":""},"class_list":["post-5","page","type-page","status-publish","hentry"],"_links":{"self":[{"href":"https:\/\/easy-in.fr\/index.php\/wp-json\/wp\/v2\/pages\/5","targetHints":{"allow":["GET"]}}],"collection":[{"href":"https:\/\/easy-in.fr\/index.php\/wp-json\/wp\/v2\/pages"}],"about":[{"href":"https:\/\/easy-in.fr\/index.php\/wp-json\/wp\/v2\/types\/page"}],"author":[{"embeddable":true,"href":"https:\/\/easy-in.fr\/index.php\/wp-json\/wp\/v2\/users\/1"}],"replies":[{"embeddable":true,"href":"https:\/\/easy-in.fr\/index.php\/wp-json\/wp\/v2\/comments?post=5"}],"version-history":[{"count":86,"href":"https:\/\/easy-in.fr\/index.php\/wp-json\/wp\/v2\/pages\/5\/revisions"}],"predecessor-version":[{"id":2244,"href":"https:\/\/easy-in.fr\/index.php\/wp-json\/wp\/v2\/pages\/5\/revisions\/2244"}],"wp:attachment":[{"href":"https:\/\/easy-in.fr\/index.php\/wp-json\/wp\/v2\/media?parent=5"}],"curies":[{"name":"wp","href":"https:\/\/api.w.org\/{rel}","templated":true}]}}